{"id":278,"date":"2018-10-02T16:56:47","date_gmt":"2018-10-02T22:56:47","guid":{"rendered":"http:\/\/tienda.utch.edu.mx\/?post_type=product&#038;p=278"},"modified":"2025-06-03T16:40:42","modified_gmt":"2025-06-03T22:40:42","slug":"sudadera-utch-aplicacion","status":"publish","type":"product","link":"https:\/\/tienda.utch.edu.mx\/?product=sudadera-utch-aplicacion","title":{"rendered":"Sudadera UTCH Aplicaci\u00f3n"},"content":{"rendered":"","protected":false},"excerpt":{"rendered":"<h4>Protegete del fr\u00edo con estilo con esta sudadera con capucha ideal para cualquier ocasi\u00f3n, con logotipo frontal en aplicaci\u00f3n bordada.<\/h4>\n","protected":false},"featured_media":279,"comment_status":"open","ping_status":"closed","template":"","meta":{"jetpack_post_was_ever_published":false,"jetpack_publicize_message":"","jetpack_publicize_feature_enabled":true,"jetpack_social_post_already_shared":true,"jetpack_social_options":{"image_generator_settings":{"template":"highway","default_image_id":0,"font":"","enabled":false},"version":2}},"product_brand":[],"product_cat":[31],"product_tag":[],"class_list":{"0":"post-278","1":"product","2":"type-product","3":"status-publish","4":"has-post-thumbnail","6":"product_cat-sudaderas","8":"first","9":"instock","10":"sale","11":"shipping-taxable","12":"purchasable","13":"product-type-simple"},"jetpack_publicize_connections":[],"jetpack_sharing_enabled":true,"_links":{"self":[{"href":"https:\/\/tienda.utch.edu.mx\/index.php?rest_route=\/wp\/v2\/product\/278","targetHints":{"allow":["GET"]}}],"collection":[{"href":"https:\/\/tienda.utch.edu.mx\/index.php?rest_route=\/wp\/v2\/product"}],"about":[{"href":"https:\/\/tienda.utch.edu.mx\/index.php?rest_route=\/wp\/v2\/types\/product"}],"replies":[{"embeddable":true,"href":"https:\/\/tienda.utch.edu.mx\/index.php?rest_route=%2Fwp%2Fv2%2Fcomments&post=278"}],"wp:featuredmedia":[{"embeddable":true,"href":"https:\/\/tienda.utch.edu.mx\/index.php?rest_route=\/wp\/v2\/media\/279"}],"wp:attachment":[{"href":"https:\/\/tienda.utch.edu.mx\/index.php?rest_route=%2Fwp%2Fv2%2Fmedia&parent=278"}],"wp:term":[{"taxonomy":"product_brand","embeddable":true,"href":"https:\/\/tienda.utch.edu.mx\/index.php?rest_route=%2Fwp%2Fv2%2Fproduct_brand&post=278"},{"taxonomy":"product_cat","embeddable":true,"href":"https:\/\/tienda.utch.edu.mx\/index.php?rest_route=%2Fwp%2Fv2%2Fproduct_cat&post=278"},{"taxonomy":"product_tag","embeddable":true,"href":"https:\/\/tienda.utch.edu.mx\/index.php?rest_route=%2Fwp%2Fv2%2Fproduct_tag&post=278"}],"curies":[{"name":"wp","href":"https:\/\/api.w.org\/{rel}","templated":true}]}}